{"id":60262,"date":"2025-10-02T08:36:32","date_gmt":"2025-10-02T06:36:32","guid":{"rendered":"https:\/\/www.seeber.law\/?page_id=60262"},"modified":"2025-11-03T10:18:25","modified_gmt":"2025-11-03T09:18:25","slug":"soluzioni-per-il-settore-immobiliare","status":"publish","type":"page","link":"https:\/\/www.seeber.law\/it\/soluzioni-per-il-settore-immobiliare\/","title":{"rendered":"Soluzioni per il settore immobiliare"},"content":{"rendered":"<p>[et_pb_section fb_built=&#8221;1&#8243; custom_padding_last_edited=&#8221;on|phone&#8221; next_background_color=&#8221;#ffffff&#8221; _builder_version=&#8221;4.27.4&#8243; _module_preset=&#8221;default&#8221; background_image=&#8221;https:\/\/www.seeber.law\/wp-content\/uploads\/2025\/10\/header-rechtsgebiete.jpg&#8221; background_position=&#8221;top_center&#8221; custom_padding=&#8221;20%||10%||false|false&#8221; custom_padding_tablet=&#8221;200px||100px||false|false&#8221; custom_padding_phone=&#8221;120px||60px||false|false&#8221; bottom_divider_style=&#8221;asymmetric&#8221; bottom_divider_height=&#8221;120px&#8221; bottom_divider_flip=&#8221;horizontal|vertical&#8221; bottom_divider_height_tablet=&#8221;53px&#8221; bottom_divider_height_phone=&#8221;42px&#8221; bottom_divider_height_last_edited=&#8221;on|desktop&#8221; global_colors_info=&#8221;{}&#8221;][et_pb_row _builder_version=&#8221;4.16&#8243; _module_preset=&#8221;default&#8221; custom_padding=&#8221;1px|||||&#8221; global_colors_info=&#8221;{}&#8221;][et_pb_column type=&#8221;4_4&#8243; _builder_version=&#8221;4.16&#8243; _module_preset=&#8221;default&#8221; global_colors_info=&#8221;{}&#8221;][et_pb_code _builder_version=&#8221;4.27.4&#8243; _module_preset=&#8221;default&#8221; custom_margin=&#8221;||0px||false|false&#8221; custom_margin_tablet=&#8221;||5px||false|false&#8221; custom_margin_phone=&#8221;||5px||false|false&#8221; custom_margin_last_edited=&#8221;off|desktop&#8221; animation_style=&#8221;fade&#8221; animation_delay=&#8221;300ms&#8221; global_colors_info=&#8221;{}&#8221;]<\/p>\n<div class=\"header-h1\"><!-- [et_pb_line_break_holder] -->  <\/p>\n<h1 class=\"header-blue\"><!-- [et_pb_line_break_holder] -->    <span class=\"paragraph-blue\">S<\/span>oluzioni per \u00a0<!-- [et_pb_line_break_holder] -->  <\/h1>\n<p><!-- [et_pb_line_break_holder] --><\/div>\n<p>[\/et_pb_code][et_pb_text _builder_version=&#8221;4.27.4&#8243; _module_preset=&#8221;default&#8221; header_2_font=&#8221;|700|||||||&#8221; header_2_text_color=&#8221;gcid-secondary-color&#8221; header_2_font_size=&#8221;70px&#8221; header_2_line_height=&#8221;1.15em&#8221; custom_padding=&#8221;|||8%|false|false&#8221; custom_padding_tablet=&#8221;|||8%|false|false&#8221; custom_padding_phone=&#8221;|||0%|false|false&#8221; custom_padding_last_edited=&#8221;on|phone&#8221; animation_style=&#8221;fade&#8221; animation_delay=&#8221;600ms&#8221; hover_enabled=&#8221;0&#8243; header_2_font_size_tablet=&#8221;45px&#8221; header_2_font_size_phone=&#8221;30px&#8221; header_2_font_size_last_edited=&#8221;on|tablet&#8221; global_colors_info=&#8221;{%22gcid-secondary-color%22:%91%22header_2_text_color%22%93}&#8221; sticky_enabled=&#8221;0&#8243;]<\/p>\n<h2>il settore immobiliare<\/h2>\n<p>[\/et_pb_text][\/et_pb_column][\/et_pb_row][\/et_pb_section][et_pb_section fb_built=&#8221;1&#8243; custom_padding_last_edited=&#8221;on|phone&#8221; module_class=&#8221;wak-paragraph-bg&#8221; _builder_version=&#8221;4.27.4&#8243; _module_preset=&#8221;default&#8221; background_image=&#8221;https:\/\/www.seeber.law\/wp-content\/uploads\/2025\/10\/icon-paragraph-grey-bg.png&#8221; background_size=&#8221;custom&#8221; background_image_width=&#8221;180px&#8221; background_position=&#8221;bottom_right&#8221; background_horizontal_offset=&#8221;23%&#8221; background_vertical_offset=&#8221;-104px&#8221; custom_padding=&#8221;||180px||false|false&#8221; custom_padding_tablet=&#8221;||150px||false|false&#8221; custom_padding_phone=&#8221;||120px||false|false&#8221; global_colors_info=&#8221;{}&#8221;][et_pb_row column_structure=&#8221;1_2,1_2&#8243; use_custom_gutter=&#8221;on&#8221; gutter_width=&#8221;4&#8243; module_id=&#8221;erfolg&#8221; _builder_version=&#8221;4.27.4&#8243; _module_preset=&#8221;default&#8221; custom_padding=&#8221;80px|||||&#8221; global_colors_info=&#8221;{}&#8221;][et_pb_column type=&#8221;1_2&#8243; module_class=&#8221;dp-vertical-align&#8221; _builder_version=&#8221;4.27.4&#8243; _module_preset=&#8221;default&#8221; animation_style=&#8221;slide&#8221; animation_direction=&#8221;bottom&#8221; animation_delay=&#8221;300ms&#8221; animation_intensity_slide=&#8221;20%&#8221; global_colors_info=&#8221;{}&#8221;][et_pb_text _builder_version=&#8221;4.27.4&#8243; _module_preset=&#8221;default&#8221; header_2_font=&#8221;|700|||||||&#8221; header_2_text_color=&#8221;gcid-primary-color&#8221; header_2_line_height=&#8221;1.2em&#8221; custom_margin=&#8221;||20px||false|false&#8221; global_colors_info=&#8221;{%22gcid-primary-color%22:%91%22header_2_text_color%22%93}&#8221;]<\/p>\n<h2>La creazione di immobili \u00e8 una necessit\u00e0 sociale<\/h2>\n<p>[\/et_pb_text][et_pb_divider color=&#8221;gcid-d8b9a74d-32f6-48d1-a264-ac216649e335&#8243; divider_weight=&#8221;3px&#8221; _builder_version=&#8221;4.27.4&#8243; _module_preset=&#8221;default&#8221; max_width=&#8221;80px&#8221; custom_margin=&#8221;||5px||false|false&#8221; global_colors_info=&#8221;{%22gcid-d8b9a74d-32f6-48d1-a264-ac216649e335%22:%91%22color%22%93}&#8221;][\/et_pb_divider][et_pb_text _builder_version=&#8221;4.27.4&#8243; _module_preset=&#8221;default&#8221; text_line_height=&#8221;1.8em&#8221; text_font_size_phone=&#8221;15px&#8221; text_font_size_last_edited=&#8221;off|desktop&#8221; global_colors_info=&#8221;{}&#8221;]La forte, a volte eccessiva regolamentazione in questo settore ha reso la progettazione, la costruzione e la locazione molto pi\u00f9 difficili, con costi crescenti e una complessit\u00e0 sempre maggiore. La nostra promessa: &#8220;Realizziamo soluzioni concrete&#8221; e perseguiamo approcci chiari, pratici e attuabili per sfide reali.<\/p>\n<p>Noi di seeber.law intendiamo il diritto immobiliare come una materia interdisciplinare trasversale. La nostra competenza spazia dal diritto bancario, societario, contenzioso, compliance, ESG e assicurativo. Questo approccio versatile consente un accompagnamento olistico e giuridicamente sicuro dei progetti immobiliari, con i pi\u00f9 alti standard e in stretta collaborazione con esperti del settore.<\/p>\n<p>La nostra pluriennale esperienza nella realizzazione di progetti immobiliari e nelle transazioni di portafoglio di qualsiasi entit\u00e0 costituisce la base della nostra attivit\u00e0. Assistiamo acquirenti e venditori, aziende familiari, banche e assicurazioni nella gestione e nel controllo strategico dei loro portafogli immobiliari. Abbiamo un know-how particolare nella gestione di immobili speciali, nel finanziamento, nel diritto di locazione e di abitazione, nonch\u00e9 nel diritto edilizio e immobiliare. Il nostro team immobiliare vanta inoltre una vasta esperienza nella strutturazione di soluzioni finanziarie complesse.<br \/>\n[\/et_pb_text][\/et_pb_column][et_pb_column type=&#8221;1_2&#8243; module_class=&#8221;dp-vertical-align&#8221; _builder_version=&#8221;4.27.4&#8243; _module_preset=&#8221;default&#8221; animation_style=&#8221;slide&#8221; animation_direction=&#8221;right&#8221; animation_delay=&#8221;600ms&#8221; global_colors_info=&#8221;{}&#8221;][et_pb_image src=&#8221;https:\/\/www.seeber.law\/wp-content\/uploads\/2025\/10\/immobilien.png&#8221; title_text=&#8221;immobilien&#8221; _builder_version=&#8221;4.27.4&#8243; _module_preset=&#8221;default&#8221; width=&#8221;520px&#8221; width_tablet=&#8221;520px&#8221; width_phone=&#8221;520px&#8221; width_last_edited=&#8221;on|phone&#8221; max_width=&#8221;100%&#8221; module_alignment=&#8221;center&#8221; global_colors_info=&#8221;{}&#8221;][\/et_pb_image][et_pb_text _builder_version=&#8221;4.27.4&#8243; _module_preset=&#8221;default&#8221; header_2_font=&#8221;|700|||||||&#8221; header_2_text_align=&#8221;center&#8221; header_2_text_color=&#8221;gcid-secondary-color&#8221; header_2_line_height=&#8221;1.2em&#8221; max_width=&#8221;450px&#8221; module_alignment=&#8221;center&#8221; custom_margin=&#8221;||20px||false|false&#8221; global_colors_info=&#8221;{%22gcid-secondary-color%22:%91%22header_2_text_color%22%93}&#8221;]<\/p>\n<h2>&#8220;Soluzioni concrete: rafforziamo le vostre argomentazioni&#8221;.<\/h2>\n<p>[\/et_pb_text][\/et_pb_column][\/et_pb_row][\/et_pb_section][et_pb_section fb_built=&#8221;1&#8243; _builder_version=&#8221;4.27.4&#8243; _module_preset=&#8221;default&#8221; background_color=&#8221;gcid-e79161b0-518a-44f7-80f1-ff2698240e0b&#8221; custom_margin=&#8221;||||false|false&#8221; custom_padding=&#8221;100px||100px||false|false&#8221; global_colors_info=&#8221;{%22gcid-e79161b0-518a-44f7-80f1-ff2698240e0b%22:%91%22background_color%22%93}&#8221;][et_pb_row column_structure=&#8221;1_2,1_2&#8243; use_custom_gutter=&#8221;on&#8221; gutter_width=&#8221;4&#8243; _builder_version=&#8221;4.27.4&#8243; _module_preset=&#8221;default&#8221; global_colors_info=&#8221;{}&#8221;][et_pb_column type=&#8221;1_2&#8243; _builder_version=&#8221;4.27.4&#8243; _module_preset=&#8221;default&#8221; global_colors_info=&#8221;{}&#8221;][et_pb_text module_class=&#8221;wak-leistungen&#8221; _builder_version=&#8221;4.27.4&#8243; _module_preset=&#8221;default&#8221; animation_style=&#8221;slide&#8221; animation_direction=&#8221;bottom&#8221; animation_delay=&#8221;300ms&#8221; animation_intensity_slide=&#8221;20%&#8221; hover_enabled=&#8221;0&#8243; global_colors_info=&#8221;{%22gcid-primary-color%22:%91%22header_2_text_color%22,%22header_2_text_color%22%93}&#8221; sticky_enabled=&#8221;0&#8243;]<\/p>\n<h3>Il nostro portafoglio<\/h3>\n<ul>\n<li>Redazione di contratti e diritto dei contratti di promozione immobiliare<\/li>\n<li>Redazione e gestione dei contratti<\/li>\n<li>Sviluppo e finanziamento di progetti<\/li>\n<li>Diritto degli architetti e degli agenti immobiliari<\/li>\n<li>Contratti di costruzione e contratti di appalto generale<\/li>\n<li>Transazioni immobiliari<\/li>\n<li>Acquisizioni immobiliari e strutturazione di portafogli<\/li>\n<li>Verifiche di due diligence<\/li>\n<li>Contratti di locazione, affitto e gestione (tra cui immobili commerciali, uffici, negozi, hotel)<\/li>\n<li>Diritto di propriet\u00e0 immobiliare<\/li>\n<li>Contenzioso immobiliare<\/li>\n<li>Gestione dei reclami<\/li>\n<li>Diritto catastale<\/li>\n<\/ul>\n<p>[\/et_pb_text][\/et_pb_column][et_pb_column type=&#8221;1_2&#8243; _builder_version=&#8221;4.27.4&#8243; _module_preset=&#8221;default&#8221; global_colors_info=&#8221;{}&#8221;][\/et_pb_column][\/et_pb_row][\/et_pb_section]<\/p>\n","protected":false},"excerpt":{"rendered":"<p>il settore immobiliareLa creazione di immobili \u00e8 una necessit\u00e0 socialeLa forte, a volte eccessiva regolamentazione in questo settore ha reso la progettazione, la costruzione e la locazione molto pi\u00f9 difficili, con costi crescenti e una complessit\u00e0 sempre maggiore. La nostra promessa: &#8220;Realizziamo soluzioni concrete&#8221; e perseguiamo approcci chiari, pratici e attuabili per sfide reali. Noi [&hellip;]<\/p>\n","protected":false},"author":3,"featured_media":0,"parent":0,"menu_order":0,"comment_status":"closed","ping_status":"closed","template":"","meta":{"_et_pb_use_builder":"on","_et_pb_old_content":"","_et_gb_content_width":"","footnotes":""},"dipi_cpt_category":[],"class_list":["post-60262","page","type-page","status-publish","hentry"],"yoast_head":"<!-- This site is optimized with the Yoast SEO plugin v26.3 - https:\/\/yoast.com\/wordpress\/plugins\/seo\/ -->\n<title>Soluzioni per il settore immobiliare - seeber.law Rechtsanw\u00e4lte | RA Dr. Thomas Seeber, MASCI, LL.M.<\/title>\n<meta name=\"robots\" content=\"index, follow, max-snippet:-1, max-image-preview:large, max-video-preview:-1\" \/>\n<link rel=\"canonical\" href=\"https:\/\/www.seeber.law\/it\/soluzioni-per-il-settore-immobiliare\/\" \/>\n<meta property=\"og:locale\" content=\"it_IT\" \/>\n<meta property=\"og:type\" content=\"article\" \/>\n<meta property=\"og:title\" content=\"Soluzioni per il settore immobiliare - seeber.law Rechtsanw\u00e4lte | RA Dr. Thomas Seeber, MASCI, LL.M.\" \/>\n<meta property=\"og:description\" content=\"il settore immobiliareLa creazione di immobili \u00e8 una necessit\u00e0 socialeLa forte, a volte eccessiva regolamentazione in questo settore ha reso la progettazione, la costruzione e la locazione molto pi\u00f9 difficili, con costi crescenti e una complessit\u00e0 sempre maggiore. La nostra promessa: &quot;Realizziamo soluzioni concrete&quot; e perseguiamo approcci chiari, pratici e attuabili per sfide reali. Noi [&hellip;]\" \/>\n<meta property=\"og:url\" content=\"https:\/\/www.seeber.law\/it\/soluzioni-per-il-settore-immobiliare\/\" \/>\n<meta property=\"og:site_name\" content=\"seeber.law Rechtsanw\u00e4lte | RA Dr. Thomas Seeber, MASCI, LL.M.\" \/>\n<meta property=\"article:modified_time\" content=\"2025-11-03T09:18:25+00:00\" \/>\n<meta name=\"twitter:card\" content=\"summary_large_image\" \/>\n<script type=\"application\/ld+json\" class=\"yoast-schema-graph\">{\"@context\":\"https:\/\/schema.org\",\"@graph\":[{\"@type\":\"WebPage\",\"@id\":\"https:\/\/www.seeber.law\/it\/soluzioni-per-il-settore-immobiliare\/\",\"url\":\"https:\/\/www.seeber.law\/it\/soluzioni-per-il-settore-immobiliare\/\",\"name\":\"Soluzioni per il settore immobiliare - seeber.law Rechtsanw\u00e4lte | RA Dr. Thomas Seeber, MASCI, LL.M.\",\"isPartOf\":{\"@id\":\"https:\/\/www.seeber.law\/it\/#website\"},\"datePublished\":\"2025-10-02T06:36:32+00:00\",\"dateModified\":\"2025-11-03T09:18:25+00:00\",\"breadcrumb\":{\"@id\":\"https:\/\/www.seeber.law\/it\/soluzioni-per-il-settore-immobiliare\/#breadcrumb\"},\"inLanguage\":\"it-IT\",\"potentialAction\":[{\"@type\":\"ReadAction\",\"target\":[\"https:\/\/www.seeber.law\/it\/soluzioni-per-il-settore-immobiliare\/\"]}]},{\"@type\":\"BreadcrumbList\",\"@id\":\"https:\/\/www.seeber.law\/it\/soluzioni-per-il-settore-immobiliare\/#breadcrumb\",\"itemListElement\":[{\"@type\":\"ListItem\",\"position\":1,\"name\":\"Startseite\",\"item\":\"https:\/\/www.seeber.law\/it\/\"},{\"@type\":\"ListItem\",\"position\":2,\"name\":\"Soluzioni per il settore immobiliare\"}]},{\"@type\":\"WebSite\",\"@id\":\"https:\/\/www.seeber.law\/it\/#website\",\"url\":\"https:\/\/www.seeber.law\/it\/\",\"name\":\"seeber.law Rechtsanw\u00e4lte | RA Dr. Thomas Seeber, MASCI, LL.M.\",\"description\":\"\",\"publisher\":{\"@id\":\"https:\/\/www.seeber.law\/it\/#organization\"},\"potentialAction\":[{\"@type\":\"SearchAction\",\"target\":{\"@type\":\"EntryPoint\",\"urlTemplate\":\"https:\/\/www.seeber.law\/it\/?s={search_term_string}\"},\"query-input\":{\"@type\":\"PropertyValueSpecification\",\"valueRequired\":true,\"valueName\":\"search_term_string\"}}],\"inLanguage\":\"it-IT\"},{\"@type\":\"Organization\",\"@id\":\"https:\/\/www.seeber.law\/it\/#organization\",\"name\":\"seeber.law Rechtsanw\u00e4lte | RA Dr. Thomas Seeber, MASCI, LL.M.\",\"url\":\"https:\/\/www.seeber.law\/it\/\",\"logo\":{\"@type\":\"ImageObject\",\"inLanguage\":\"it-IT\",\"@id\":\"https:\/\/www.seeber.law\/it\/#\/schema\/logo\/image\/\",\"url\":\"https:\/\/www.seeber.law\/wp-content\/uploads\/2025\/09\/logo-seeber-law.png\",\"contentUrl\":\"https:\/\/www.seeber.law\/wp-content\/uploads\/2025\/09\/logo-seeber-law.png\",\"width\":398,\"height\":206,\"caption\":\"seeber.law Rechtsanw\u00e4lte | RA Dr. Thomas Seeber, MASCI, LL.M.\"},\"image\":{\"@id\":\"https:\/\/www.seeber.law\/it\/#\/schema\/logo\/image\/\"}}]}<\/script>\n<!-- \/ Yoast SEO plugin. -->","yoast_head_json":{"title":"Soluzioni per il settore immobiliare - seeber.law Rechtsanw\u00e4lte | RA Dr. Thomas Seeber, MASCI, LL.M.","robots":{"index":"index","follow":"follow","max-snippet":"max-snippet:-1","max-image-preview":"max-image-preview:large","max-video-preview":"max-video-preview:-1"},"canonical":"https:\/\/www.seeber.law\/it\/soluzioni-per-il-settore-immobiliare\/","og_locale":"it_IT","og_type":"article","og_title":"Soluzioni per il settore immobiliare - seeber.law Rechtsanw\u00e4lte | RA Dr. Thomas Seeber, MASCI, LL.M.","og_description":"il settore immobiliareLa creazione di immobili \u00e8 una necessit\u00e0 socialeLa forte, a volte eccessiva regolamentazione in questo settore ha reso la progettazione, la costruzione e la locazione molto pi\u00f9 difficili, con costi crescenti e una complessit\u00e0 sempre maggiore. La nostra promessa: \"Realizziamo soluzioni concrete\" e perseguiamo approcci chiari, pratici e attuabili per sfide reali. Noi [&hellip;]","og_url":"https:\/\/www.seeber.law\/it\/soluzioni-per-il-settore-immobiliare\/","og_site_name":"seeber.law Rechtsanw\u00e4lte | RA Dr. Thomas Seeber, MASCI, LL.M.","article_modified_time":"2025-11-03T09:18:25+00:00","twitter_card":"summary_large_image","schema":{"@context":"https:\/\/schema.org","@graph":[{"@type":"WebPage","@id":"https:\/\/www.seeber.law\/it\/soluzioni-per-il-settore-immobiliare\/","url":"https:\/\/www.seeber.law\/it\/soluzioni-per-il-settore-immobiliare\/","name":"Soluzioni per il settore immobiliare - seeber.law Rechtsanw\u00e4lte | RA Dr. Thomas Seeber, MASCI, LL.M.","isPartOf":{"@id":"https:\/\/www.seeber.law\/it\/#website"},"datePublished":"2025-10-02T06:36:32+00:00","dateModified":"2025-11-03T09:18:25+00:00","breadcrumb":{"@id":"https:\/\/www.seeber.law\/it\/soluzioni-per-il-settore-immobiliare\/#breadcrumb"},"inLanguage":"it-IT","potentialAction":[{"@type":"ReadAction","target":["https:\/\/www.seeber.law\/it\/soluzioni-per-il-settore-immobiliare\/"]}]},{"@type":"BreadcrumbList","@id":"https:\/\/www.seeber.law\/it\/soluzioni-per-il-settore-immobiliare\/#breadcrumb","itemListElement":[{"@type":"ListItem","position":1,"name":"Startseite","item":"https:\/\/www.seeber.law\/it\/"},{"@type":"ListItem","position":2,"name":"Soluzioni per il settore immobiliare"}]},{"@type":"WebSite","@id":"https:\/\/www.seeber.law\/it\/#website","url":"https:\/\/www.seeber.law\/it\/","name":"seeber.law Rechtsanw\u00e4lte | RA Dr. Thomas Seeber, MASCI, LL.M.","description":"","publisher":{"@id":"https:\/\/www.seeber.law\/it\/#organization"},"potentialAction":[{"@type":"SearchAction","target":{"@type":"EntryPoint","urlTemplate":"https:\/\/www.seeber.law\/it\/?s={search_term_string}"},"query-input":{"@type":"PropertyValueSpecification","valueRequired":true,"valueName":"search_term_string"}}],"inLanguage":"it-IT"},{"@type":"Organization","@id":"https:\/\/www.seeber.law\/it\/#organization","name":"seeber.law Rechtsanw\u00e4lte | RA Dr. Thomas Seeber, MASCI, LL.M.","url":"https:\/\/www.seeber.law\/it\/","logo":{"@type":"ImageObject","inLanguage":"it-IT","@id":"https:\/\/www.seeber.law\/it\/#\/schema\/logo\/image\/","url":"https:\/\/www.seeber.law\/wp-content\/uploads\/2025\/09\/logo-seeber-law.png","contentUrl":"https:\/\/www.seeber.law\/wp-content\/uploads\/2025\/09\/logo-seeber-law.png","width":398,"height":206,"caption":"seeber.law Rechtsanw\u00e4lte | RA Dr. Thomas Seeber, MASCI, LL.M."},"image":{"@id":"https:\/\/www.seeber.law\/it\/#\/schema\/logo\/image\/"}}]}},"_links":{"self":[{"href":"https:\/\/www.seeber.law\/it\/wp-json\/wp\/v2\/pages\/60262","targetHints":{"allow":["GET"]}}],"collection":[{"href":"https:\/\/www.seeber.law\/it\/wp-json\/wp\/v2\/pages"}],"about":[{"href":"https:\/\/www.seeber.law\/it\/wp-json\/wp\/v2\/types\/page"}],"author":[{"embeddable":true,"href":"https:\/\/www.seeber.law\/it\/wp-json\/wp\/v2\/users\/3"}],"replies":[{"embeddable":true,"href":"https:\/\/www.seeber.law\/it\/wp-json\/wp\/v2\/comments?post=60262"}],"version-history":[{"count":3,"href":"https:\/\/www.seeber.law\/it\/wp-json\/wp\/v2\/pages\/60262\/revisions"}],"predecessor-version":[{"id":60334,"href":"https:\/\/www.seeber.law\/it\/wp-json\/wp\/v2\/pages\/60262\/revisions\/60334"}],"wp:attachment":[{"href":"https:\/\/www.seeber.law\/it\/wp-json\/wp\/v2\/media?parent=60262"}],"wp:term":[{"taxonomy":"dipi_cpt_category","embeddable":true,"href":"https:\/\/www.seeber.law\/it\/wp-json\/wp\/v2\/dipi_cpt_category?post=60262"}],"curies":[{"name":"wp","href":"https:\/\/api.w.org\/{rel}","templated":true}]}}